{"id":1195,"date":"2020-06-24T15:12:59","date_gmt":"2020-06-24T15:12:59","guid":{"rendered":"https:\/\/escritoras.usal.es\/?page_id=1195"},"modified":"2020-06-24T15:13:09","modified_gmt":"2020-06-24T15:13:09","slug":"experiencia-en-organizacion-de-actividades-id-laureano-nunez-garcia","status":"publish","type":"page","link":"https:\/\/escritoras.usal.es\/en\/experiencia-en-organizacion-de-actividades-id-laureano-nunez-garcia\/","title":{"rendered":"Participaci\u00f3n en Proyectos de Investigaci\u00f3n &#8211; Laureano N\u00fa\u00f1ez Garc\u00eda"},"content":{"rendered":"<p class=\"qtranxs-available-languages-message qtranxs-available-languages-message-en\">Sorry, this entry is only available in <a href=\"https:\/\/escritoras.usal.es\/es\/wp-json\/wp\/v2\/pages\/1195\" class=\"qtranxs-available-language-link qtranxs-available-language-link-es\" title=\"Espa\u00f1ol\">Espa\u00f1ol<\/a>.<\/p>","protected":false},"excerpt":{"rendered":"<p>Sorry, this entry is only available in Espa\u00f1ol.<\/p>\n","protected":false},"author":8,"featured_media":0,"parent":0,"menu_order":0,"comment_status":"closed","ping_status":"closed","template":"","meta":{"footnotes":""},"class_list":["post-1195","page","type-page","status-publish","hentry"],"aioseo_notices":[],"_links":{"self":[{"href":"https:\/\/escritoras.usal.es\/en\/wp-json\/wp\/v2\/pages\/1195","targetHints":{"allow":["GET"]}}],"collection":[{"href":"https:\/\/escritoras.usal.es\/en\/wp-json\/wp\/v2\/pages"}],"about":[{"href":"https:\/\/escritoras.usal.es\/en\/wp-json\/wp\/v2\/types\/page"}],"author":[{"embeddable":true,"href":"https:\/\/escritoras.usal.es\/en\/wp-json\/wp\/v2\/users\/8"}],"replies":[{"embeddable":true,"href":"https:\/\/escritoras.usal.es\/en\/wp-json\/wp\/v2\/comments?post=1195"}],"version-history":[{"count":1,"href":"https:\/\/escritoras.usal.es\/en\/wp-json\/wp\/v2\/pages\/1195\/revisions"}],"predecessor-version":[{"id":1196,"href":"https:\/\/escritoras.usal.es\/en\/wp-json\/wp\/v2\/pages\/1195\/revisions\/1196"}],"wp:attachment":[{"href":"https:\/\/escritoras.usal.es\/en\/wp-json\/wp\/v2\/media?parent=1195"}],"curies":[{"name":"wp","href":"https:\/\/api.w.org\/{rel}","templated":true}]}}