{"id":1324,"date":"2020-08-21T15:11:22","date_gmt":"2020-08-21T15:11:22","guid":{"rendered":"https:\/\/escritoras.usal.es\/?page_id=1324"},"modified":"2020-08-21T15:11:48","modified_gmt":"2020-08-21T15:11:48","slug":"participacion-en-proyectos-de-investigacion-claudia-adriana-lopez-ramirez","status":"publish","type":"page","link":"https:\/\/escritoras.usal.es\/en\/participacion-en-proyectos-de-investigacion-claudia-adriana-lopez-ramirez\/","title":{"rendered":"(Espa\u00f1ol) Participaci\u00f3n en Proyectos de Investigaci\u00f3n &#8211; Claudia Adriana L\u00f3pez Ram\u00edrez"},"content":{"rendered":"<p class=\"qtranxs-available-languages-message qtranxs-available-languages-message-en\">Sorry, this entry is only available in <a href=\"https:\/\/escritoras.usal.es\/es\/wp-json\/wp\/v2\/pages\/1324\" class=\"qtranxs-available-language-link qtranxs-available-language-link-es\" title=\"Espa\u00f1ol\">Espa\u00f1ol<\/a>.<\/p>","protected":false},"excerpt":{"rendered":"<p>Sorry, this entry is only available in Espa\u00f1ol.<\/p>\n","protected":false},"author":8,"featured_media":0,"parent":0,"menu_order":0,"comment_status":"closed","ping_status":"closed","template":"","meta":{"footnotes":""},"class_list":["post-1324","page","type-page","status-publish","hentry"],"aioseo_notices":[],"_links":{"self":[{"href":"https:\/\/escritoras.usal.es\/en\/wp-json\/wp\/v2\/pages\/1324","targetHints":{"allow":["GET"]}}],"collection":[{"href":"https:\/\/escritoras.usal.es\/en\/wp-json\/wp\/v2\/pages"}],"about":[{"href":"https:\/\/escritoras.usal.es\/en\/wp-json\/wp\/v2\/types\/page"}],"author":[{"embeddable":true,"href":"https:\/\/escritoras.usal.es\/en\/wp-json\/wp\/v2\/users\/8"}],"replies":[{"embeddable":true,"href":"https:\/\/escritoras.usal.es\/en\/wp-json\/wp\/v2\/comments?post=1324"}],"version-history":[{"count":5,"href":"https:\/\/escritoras.usal.es\/en\/wp-json\/wp\/v2\/pages\/1324\/revisions"}],"predecessor-version":[{"id":1329,"href":"https:\/\/escritoras.usal.es\/en\/wp-json\/wp\/v2\/pages\/1324\/revisions\/1329"}],"wp:attachment":[{"href":"https:\/\/escritoras.usal.es\/en\/wp-json\/wp\/v2\/media?parent=1324"}],"curies":[{"name":"wp","href":"https:\/\/api.w.org\/{rel}","templated":true}]}}