{"id":1446,"date":"2020-09-26T09:53:35","date_gmt":"2020-09-26T09:53:35","guid":{"rendered":"https:\/\/escritoras.usal.es\/?page_id=1446"},"modified":"2022-04-05T13:50:31","modified_gmt":"2022-04-05T13:50:31","slug":"participacion-en-proyectos-de-investigacion-sofia-r-oliveira-dias","status":"publish","type":"page","link":"https:\/\/escritoras.usal.es\/en\/participacion-en-proyectos-de-investigacion-sofia-r-oliveira-dias\/","title":{"rendered":"(Espa\u00f1ol) Participaci\u00f3n en Proyectos de Investigaci\u00f3n &#8211; Sofia R. Oliveira Dias"},"content":{"rendered":"<p class=\"qtranxs-available-languages-message qtranxs-available-languages-message-en\">Sorry, this entry is only available in <a href=\"https:\/\/escritoras.usal.es\/es\/wp-json\/wp\/v2\/pages\/1446\" class=\"qtranxs-available-language-link qtranxs-available-language-link-es\" title=\"Espa\u00f1ol\">Espa\u00f1ol<\/a>.<\/p>","protected":false},"excerpt":{"rendered":"<p>Sorry, this entry is only available in Espa\u00f1ol.<\/p>\n","protected":false},"author":62,"featured_media":0,"parent":0,"menu_order":0,"comment_status":"closed","ping_status":"closed","template":"","meta":{"footnotes":""},"class_list":["post-1446","page","type-page","status-publish","hentry"],"aioseo_notices":[],"_links":{"self":[{"href":"https:\/\/escritoras.usal.es\/en\/wp-json\/wp\/v2\/pages\/1446","targetHints":{"allow":["GET"]}}],"collection":[{"href":"https:\/\/escritoras.usal.es\/en\/wp-json\/wp\/v2\/pages"}],"about":[{"href":"https:\/\/escritoras.usal.es\/en\/wp-json\/wp\/v2\/types\/page"}],"author":[{"embeddable":true,"href":"https:\/\/escritoras.usal.es\/en\/wp-json\/wp\/v2\/users\/62"}],"replies":[{"embeddable":true,"href":"https:\/\/escritoras.usal.es\/en\/wp-json\/wp\/v2\/comments?post=1446"}],"version-history":[{"count":5,"href":"https:\/\/escritoras.usal.es\/en\/wp-json\/wp\/v2\/pages\/1446\/revisions"}],"predecessor-version":[{"id":2046,"href":"https:\/\/escritoras.usal.es\/en\/wp-json\/wp\/v2\/pages\/1446\/revisions\/2046"}],"wp:attachment":[{"href":"https:\/\/escritoras.usal.es\/en\/wp-json\/wp\/v2\/media?parent=1446"}],"curies":[{"name":"wp","href":"https:\/\/api.w.org\/{rel}","templated":true}]}}