{"id":1724,"date":"2022-02-27T17:24:00","date_gmt":"2022-02-27T17:24:00","guid":{"rendered":"https:\/\/escritoras.usal.es\/?page_id=1724"},"modified":"2023-06-04T18:20:55","modified_gmt":"2023-06-04T18:20:55","slug":"maria-angeles-perez-lopez","status":"publish","type":"page","link":"https:\/\/escritoras.usal.es\/en\/maria-angeles-perez-lopez\/","title":{"rendered":"(Espa\u00f1ol) Mar\u00eda \u00c1ngeles P\u00e9rez L\u00f3pez"},"content":{"rendered":"<p class=\"qtranxs-available-languages-message qtranxs-available-languages-message-en\">Sorry, this entry is only available in <a href=\"https:\/\/escritoras.usal.es\/es\/wp-json\/wp\/v2\/pages\/1724\" class=\"qtranxs-available-language-link qtranxs-available-language-link-es\" title=\"Espa\u00f1ol\">Espa\u00f1ol<\/a>.<\/p>","protected":false},"excerpt":{"rendered":"<p>Sorry, this entry is only available in Espa\u00f1ol.<\/p>\n","protected":false},"author":61,"featured_media":0,"parent":0,"menu_order":0,"comment_status":"closed","ping_status":"closed","template":"","meta":{"footnotes":""},"class_list":["post-1724","page","type-page","status-publish","hentry"],"aioseo_notices":[],"_links":{"self":[{"href":"https:\/\/escritoras.usal.es\/en\/wp-json\/wp\/v2\/pages\/1724","targetHints":{"allow":["GET"]}}],"collection":[{"href":"https:\/\/escritoras.usal.es\/en\/wp-json\/wp\/v2\/pages"}],"about":[{"href":"https:\/\/escritoras.usal.es\/en\/wp-json\/wp\/v2\/types\/page"}],"author":[{"embeddable":true,"href":"https:\/\/escritoras.usal.es\/en\/wp-json\/wp\/v2\/users\/61"}],"replies":[{"embeddable":true,"href":"https:\/\/escritoras.usal.es\/en\/wp-json\/wp\/v2\/comments?post=1724"}],"version-history":[{"count":9,"href":"https:\/\/escritoras.usal.es\/en\/wp-json\/wp\/v2\/pages\/1724\/revisions"}],"predecessor-version":[{"id":2388,"href":"https:\/\/escritoras.usal.es\/en\/wp-json\/wp\/v2\/pages\/1724\/revisions\/2388"}],"wp:attachment":[{"href":"https:\/\/escritoras.usal.es\/en\/wp-json\/wp\/v2\/media?parent=1724"}],"curies":[{"name":"wp","href":"https:\/\/api.w.org\/{rel}","templated":true}]}}