{"id":1833,"date":"2022-02-28T00:18:26","date_gmt":"2022-02-28T00:18:26","guid":{"rendered":"https:\/\/escritoras.usal.es\/?page_id=1833"},"modified":"2022-04-05T15:59:13","modified_gmt":"2022-04-05T15:59:13","slug":"participacion-en-proyectos-de-investigacion-santiago-sevilla-vallejo","status":"publish","type":"page","link":"https:\/\/escritoras.usal.es\/en\/participacion-en-proyectos-de-investigacion-santiago-sevilla-vallejo\/","title":{"rendered":"(Espa\u00f1ol) Participaci\u00f3n en Proyectos de Investigaci\u00f3n &#8211; Santiago Sevilla Vallejo"},"content":{"rendered":"<p class=\"qtranxs-available-languages-message qtranxs-available-languages-message-en\">Sorry, this entry is only available in <a href=\"https:\/\/escritoras.usal.es\/es\/wp-json\/wp\/v2\/pages\/1833\" class=\"qtranxs-available-language-link qtranxs-available-language-link-es\" title=\"Espa\u00f1ol\">Espa\u00f1ol<\/a>.<\/p>","protected":false},"excerpt":{"rendered":"<p>Sorry, this entry is only available in Espa\u00f1ol.<\/p>\n","protected":false},"author":61,"featured_media":0,"parent":0,"menu_order":0,"comment_status":"closed","ping_status":"closed","template":"","meta":{"footnotes":""},"class_list":["post-1833","page","type-page","status-publish","hentry"],"aioseo_notices":[],"_links":{"self":[{"href":"https:\/\/escritoras.usal.es\/en\/wp-json\/wp\/v2\/pages\/1833","targetHints":{"allow":["GET"]}}],"collection":[{"href":"https:\/\/escritoras.usal.es\/en\/wp-json\/wp\/v2\/pages"}],"about":[{"href":"https:\/\/escritoras.usal.es\/en\/wp-json\/wp\/v2\/types\/page"}],"author":[{"embeddable":true,"href":"https:\/\/escritoras.usal.es\/en\/wp-json\/wp\/v2\/users\/61"}],"replies":[{"embeddable":true,"href":"https:\/\/escritoras.usal.es\/en\/wp-json\/wp\/v2\/comments?post=1833"}],"version-history":[{"count":2,"href":"https:\/\/escritoras.usal.es\/en\/wp-json\/wp\/v2\/pages\/1833\/revisions"}],"predecessor-version":[{"id":2079,"href":"https:\/\/escritoras.usal.es\/en\/wp-json\/wp\/v2\/pages\/1833\/revisions\/2079"}],"wp:attachment":[{"href":"https:\/\/escritoras.usal.es\/en\/wp-json\/wp\/v2\/media?parent=1833"}],"curies":[{"name":"wp","href":"https:\/\/api.w.org\/{rel}","templated":true}]}}