{"id":1846,"date":"2022-02-28T09:09:53","date_gmt":"2022-02-28T09:09:53","guid":{"rendered":"https:\/\/escritoras.usal.es\/?page_id=1846"},"modified":"2022-04-13T12:42:31","modified_gmt":"2022-04-13T12:42:31","slug":"experiencia-en-organizacion-de-actividades-id-maria-angeles-perez-lopez","status":"publish","type":"page","link":"https:\/\/escritoras.usal.es\/en\/experiencia-en-organizacion-de-actividades-id-maria-angeles-perez-lopez\/","title":{"rendered":"(Espa\u00f1ol) Experiencia en organizaci\u00f3n de actividades I+D &#8211; Mar\u00eda \u00c1ngeles P\u00e9rez L\u00f3pez"},"content":{"rendered":"<p class=\"qtranxs-available-languages-message qtranxs-available-languages-message-en\">Sorry, this entry is only available in <a href=\"https:\/\/escritoras.usal.es\/es\/wp-json\/wp\/v2\/pages\/1846\" class=\"qtranxs-available-language-link qtranxs-available-language-link-es\" title=\"Espa\u00f1ol\">Espa\u00f1ol<\/a>.<\/p>","protected":false},"excerpt":{"rendered":"<p>Sorry, this entry is only available in Espa\u00f1ol.<\/p>\n","protected":false},"author":61,"featured_media":0,"parent":0,"menu_order":0,"comment_status":"closed","ping_status":"closed","template":"","meta":{"footnotes":""},"class_list":["post-1846","page","type-page","status-publish","hentry"],"aioseo_notices":[],"_links":{"self":[{"href":"https:\/\/escritoras.usal.es\/en\/wp-json\/wp\/v2\/pages\/1846","targetHints":{"allow":["GET"]}}],"collection":[{"href":"https:\/\/escritoras.usal.es\/en\/wp-json\/wp\/v2\/pages"}],"about":[{"href":"https:\/\/escritoras.usal.es\/en\/wp-json\/wp\/v2\/types\/page"}],"author":[{"embeddable":true,"href":"https:\/\/escritoras.usal.es\/en\/wp-json\/wp\/v2\/users\/61"}],"replies":[{"embeddable":true,"href":"https:\/\/escritoras.usal.es\/en\/wp-json\/wp\/v2\/comments?post=1846"}],"version-history":[{"count":3,"href":"https:\/\/escritoras.usal.es\/en\/wp-json\/wp\/v2\/pages\/1846\/revisions"}],"predecessor-version":[{"id":2119,"href":"https:\/\/escritoras.usal.es\/en\/wp-json\/wp\/v2\/pages\/1846\/revisions\/2119"}],"wp:attachment":[{"href":"https:\/\/escritoras.usal.es\/en\/wp-json\/wp\/v2\/media?parent=1846"}],"curies":[{"name":"wp","href":"https:\/\/api.w.org\/{rel}","templated":true}]}}