{"id":1930,"date":"2022-03-01T09:36:03","date_gmt":"2022-03-01T09:36:03","guid":{"rendered":"https:\/\/escritoras.usal.es\/?page_id=1930"},"modified":"2022-03-01T09:36:03","modified_gmt":"2022-03-01T09:36:03","slug":"begona-gonzalez","status":"publish","type":"page","link":"https:\/\/escritoras.usal.es\/en\/begona-gonzalez\/","title":{"rendered":"(Espa\u00f1ol) Bego\u00f1a Gonz\u00e1lez"},"content":{"rendered":"","protected":false},"excerpt":{"rendered":"","protected":false},"author":61,"featured_media":0,"parent":0,"menu_order":0,"comment_status":"closed","ping_status":"closed","template":"","meta":{"footnotes":""},"class_list":["post-1930","page","type-page","status-publish","hentry"],"aioseo_notices":[],"_links":{"self":[{"href":"https:\/\/escritoras.usal.es\/en\/wp-json\/wp\/v2\/pages\/1930","targetHints":{"allow":["GET"]}}],"collection":[{"href":"https:\/\/escritoras.usal.es\/en\/wp-json\/wp\/v2\/pages"}],"about":[{"href":"https:\/\/escritoras.usal.es\/en\/wp-json\/wp\/v2\/types\/page"}],"author":[{"embeddable":true,"href":"https:\/\/escritoras.usal.es\/en\/wp-json\/wp\/v2\/users\/61"}],"replies":[{"embeddable":true,"href":"https:\/\/escritoras.usal.es\/en\/wp-json\/wp\/v2\/comments?post=1930"}],"version-history":[{"count":1,"href":"https:\/\/escritoras.usal.es\/en\/wp-json\/wp\/v2\/pages\/1930\/revisions"}],"predecessor-version":[{"id":1931,"href":"https:\/\/escritoras.usal.es\/en\/wp-json\/wp\/v2\/pages\/1930\/revisions\/1931"}],"wp:attachment":[{"href":"https:\/\/escritoras.usal.es\/en\/wp-json\/wp\/v2\/media?parent=1930"}],"curies":[{"name":"wp","href":"https:\/\/api.w.org\/{rel}","templated":true}]}}