{"id":2005,"date":"2022-04-02T06:35:59","date_gmt":"2022-04-02T06:35:59","guid":{"rendered":"https:\/\/escritoras.usal.es\/?page_id=2005"},"modified":"2022-04-02T06:35:59","modified_gmt":"2022-04-02T06:35:59","slug":"docencia-maria-jose-bruna-bragado","status":"publish","type":"page","link":"https:\/\/escritoras.usal.es\/en\/docencia-maria-jose-bruna-bragado\/","title":{"rendered":"(Espa\u00f1ol) Docencia &#8211; Mar\u00eda Jos\u00e9 Bru\u00f1a Bragado"},"content":{"rendered":"","protected":false},"excerpt":{"rendered":"","protected":false},"author":61,"featured_media":0,"parent":0,"menu_order":0,"comment_status":"closed","ping_status":"closed","template":"","meta":{"footnotes":""},"class_list":["post-2005","page","type-page","status-publish","hentry"],"aioseo_notices":[],"_links":{"self":[{"href":"https:\/\/escritoras.usal.es\/en\/wp-json\/wp\/v2\/pages\/2005","targetHints":{"allow":["GET"]}}],"collection":[{"href":"https:\/\/escritoras.usal.es\/en\/wp-json\/wp\/v2\/pages"}],"about":[{"href":"https:\/\/escritoras.usal.es\/en\/wp-json\/wp\/v2\/types\/page"}],"author":[{"embeddable":true,"href":"https:\/\/escritoras.usal.es\/en\/wp-json\/wp\/v2\/users\/61"}],"replies":[{"embeddable":true,"href":"https:\/\/escritoras.usal.es\/en\/wp-json\/wp\/v2\/comments?post=2005"}],"version-history":[{"count":1,"href":"https:\/\/escritoras.usal.es\/en\/wp-json\/wp\/v2\/pages\/2005\/revisions"}],"predecessor-version":[{"id":2006,"href":"https:\/\/escritoras.usal.es\/en\/wp-json\/wp\/v2\/pages\/2005\/revisions\/2006"}],"wp:attachment":[{"href":"https:\/\/escritoras.usal.es\/en\/wp-json\/wp\/v2\/media?parent=2005"}],"curies":[{"name":"wp","href":"https:\/\/api.w.org\/{rel}","templated":true}]}}