{"id":2011,"date":"2022-04-02T06:37:13","date_gmt":"2022-04-02T06:37:13","guid":{"rendered":"https:\/\/escritoras.usal.es\/?page_id=2011"},"modified":"2022-04-02T06:37:13","modified_gmt":"2022-04-02T06:37:13","slug":"experiencia-en-organizacion-de-actividades-id-maria-jose-bruna-bragado","status":"publish","type":"page","link":"https:\/\/escritoras.usal.es\/en\/experiencia-en-organizacion-de-actividades-id-maria-jose-bruna-bragado\/","title":{"rendered":"(Espa\u00f1ol) Experiencia en organizaci\u00f3n de actividades I+D &#8211; Mar\u00eda Jos\u00e9 Bru\u00f1a Bragado"},"content":{"rendered":"","protected":false},"excerpt":{"rendered":"","protected":false},"author":61,"featured_media":0,"parent":0,"menu_order":0,"comment_status":"closed","ping_status":"closed","template":"","meta":{"footnotes":""},"class_list":["post-2011","page","type-page","status-publish","hentry"],"aioseo_notices":[],"_links":{"self":[{"href":"https:\/\/escritoras.usal.es\/en\/wp-json\/wp\/v2\/pages\/2011","targetHints":{"allow":["GET"]}}],"collection":[{"href":"https:\/\/escritoras.usal.es\/en\/wp-json\/wp\/v2\/pages"}],"about":[{"href":"https:\/\/escritoras.usal.es\/en\/wp-json\/wp\/v2\/types\/page"}],"author":[{"embeddable":true,"href":"https:\/\/escritoras.usal.es\/en\/wp-json\/wp\/v2\/users\/61"}],"replies":[{"embeddable":true,"href":"https:\/\/escritoras.usal.es\/en\/wp-json\/wp\/v2\/comments?post=2011"}],"version-history":[{"count":1,"href":"https:\/\/escritoras.usal.es\/en\/wp-json\/wp\/v2\/pages\/2011\/revisions"}],"predecessor-version":[{"id":2012,"href":"https:\/\/escritoras.usal.es\/en\/wp-json\/wp\/v2\/pages\/2011\/revisions\/2012"}],"wp:attachment":[{"href":"https:\/\/escritoras.usal.es\/en\/wp-json\/wp\/v2\/media?parent=2011"}],"curies":[{"name":"wp","href":"https:\/\/api.w.org\/{rel}","templated":true}]}}