{"id":355,"date":"2020-05-20T10:41:31","date_gmt":"2020-05-20T10:41:31","guid":{"rendered":"https:\/\/escritoras.usal.es\/?page_id=355"},"modified":"2020-10-13T09:06:08","modified_gmt":"2020-10-13T09:06:08","slug":"maria-isabel-perez-alonso","status":"publish","type":"page","link":"https:\/\/escritoras.usal.es\/en\/maria-isabel-perez-alonso\/","title":{"rendered":"(Espa\u00f1ol) Mar\u00eda Isabel P\u00e9rez Alonso"},"content":{"rendered":"<p class=\"qtranxs-available-languages-message qtranxs-available-languages-message-en\">Sorry, this entry is only available in <a href=\"https:\/\/escritoras.usal.es\/es\/wp-json\/wp\/v2\/pages\/355\" class=\"qtranxs-available-language-link qtranxs-available-language-link-es\" title=\"Espa\u00f1ol\">Espa\u00f1ol<\/a>.<\/p>","protected":false},"excerpt":{"rendered":"<p>Sorry, this entry is only available in Espa\u00f1ol.<\/p>\n","protected":false},"author":8,"featured_media":0,"parent":0,"menu_order":0,"comment_status":"closed","ping_status":"closed","template":"","meta":{"footnotes":""},"class_list":["post-355","page","type-page","status-publish","hentry"],"aioseo_notices":[],"_links":{"self":[{"href":"https:\/\/escritoras.usal.es\/en\/wp-json\/wp\/v2\/pages\/355","targetHints":{"allow":["GET"]}}],"collection":[{"href":"https:\/\/escritoras.usal.es\/en\/wp-json\/wp\/v2\/pages"}],"about":[{"href":"https:\/\/escritoras.usal.es\/en\/wp-json\/wp\/v2\/types\/page"}],"author":[{"embeddable":true,"href":"https:\/\/escritoras.usal.es\/en\/wp-json\/wp\/v2\/users\/8"}],"replies":[{"embeddable":true,"href":"https:\/\/escritoras.usal.es\/en\/wp-json\/wp\/v2\/comments?post=355"}],"version-history":[{"count":7,"href":"https:\/\/escritoras.usal.es\/en\/wp-json\/wp\/v2\/pages\/355\/revisions"}],"predecessor-version":[{"id":1617,"href":"https:\/\/escritoras.usal.es\/en\/wp-json\/wp\/v2\/pages\/355\/revisions\/1617"}],"wp:attachment":[{"href":"https:\/\/escritoras.usal.es\/en\/wp-json\/wp\/v2\/media?parent=355"}],"curies":[{"name":"wp","href":"https:\/\/api.w.org\/{rel}","templated":true}]}}