{"id":641,"date":"2020-05-22T18:16:16","date_gmt":"2020-05-22T18:16:16","guid":{"rendered":"https:\/\/escritoras.usal.es\/?page_id=641"},"modified":"2022-04-13T15:11:35","modified_gmt":"2022-04-13T15:11:35","slug":"experiencia-en-organizacion-de-actividades-id-milagro-martin-clavijo","status":"publish","type":"page","link":"https:\/\/escritoras.usal.es\/en\/experiencia-en-organizacion-de-actividades-id-milagro-martin-clavijo\/","title":{"rendered":"(Espa\u00f1ol) Experiencia en organizaci\u00f3n de actividades I+D &#8211; Milagro Mart\u00edn Clavijo"},"content":{"rendered":"<p class=\"qtranxs-available-languages-message qtranxs-available-languages-message-en\">Sorry, this entry is only available in <a href=\"https:\/\/escritoras.usal.es\/es\/wp-json\/wp\/v2\/pages\/641\" class=\"qtranxs-available-language-link qtranxs-available-language-link-es\" title=\"Espa\u00f1ol\">Espa\u00f1ol<\/a>.<\/p>","protected":false},"excerpt":{"rendered":"<p>Sorry, this entry is only available in Espa\u00f1ol.<\/p>\n","protected":false},"author":62,"featured_media":0,"parent":0,"menu_order":0,"comment_status":"closed","ping_status":"closed","template":"","meta":{"footnotes":""},"class_list":["post-641","page","type-page","status-publish","hentry"],"aioseo_notices":[],"_links":{"self":[{"href":"https:\/\/escritoras.usal.es\/en\/wp-json\/wp\/v2\/pages\/641","targetHints":{"allow":["GET"]}}],"collection":[{"href":"https:\/\/escritoras.usal.es\/en\/wp-json\/wp\/v2\/pages"}],"about":[{"href":"https:\/\/escritoras.usal.es\/en\/wp-json\/wp\/v2\/types\/page"}],"author":[{"embeddable":true,"href":"https:\/\/escritoras.usal.es\/en\/wp-json\/wp\/v2\/users\/62"}],"replies":[{"embeddable":true,"href":"https:\/\/escritoras.usal.es\/en\/wp-json\/wp\/v2\/comments?post=641"}],"version-history":[{"count":4,"href":"https:\/\/escritoras.usal.es\/en\/wp-json\/wp\/v2\/pages\/641\/revisions"}],"predecessor-version":[{"id":2126,"href":"https:\/\/escritoras.usal.es\/en\/wp-json\/wp\/v2\/pages\/641\/revisions\/2126"}],"wp:attachment":[{"href":"https:\/\/escritoras.usal.es\/en\/wp-json\/wp\/v2\/media?parent=641"}],"curies":[{"name":"wp","href":"https:\/\/api.w.org\/{rel}","templated":true}]}}