{"id":740,"date":"2020-05-23T17:22:30","date_gmt":"2020-05-23T17:22:30","guid":{"rendered":"https:\/\/escritoras.usal.es\/?page_id=740"},"modified":"2020-05-23T17:23:17","modified_gmt":"2020-05-23T17:23:17","slug":"experiencia-en-organizacion-de-actividades-id-sara-velazquez-garcia","status":"publish","type":"page","link":"https:\/\/escritoras.usal.es\/en\/experiencia-en-organizacion-de-actividades-id-sara-velazquez-garcia\/","title":{"rendered":"(Espa\u00f1ol) Experiencia en organizaci\u00f3n de actividades I+D &#8211; Sara Vel\u00e1zquez Garc\u00eda"},"content":{"rendered":"<p class=\"qtranxs-available-languages-message qtranxs-available-languages-message-en\">Sorry, this entry is only available in <a href=\"https:\/\/escritoras.usal.es\/es\/wp-json\/wp\/v2\/pages\/740\" class=\"qtranxs-available-language-link qtranxs-available-language-link-es\" title=\"Espa\u00f1ol\">Espa\u00f1ol<\/a>.<\/p>","protected":false},"excerpt":{"rendered":"<p>Sorry, this entry is only available in Espa\u00f1ol.<\/p>\n","protected":false},"author":8,"featured_media":0,"parent":0,"menu_order":0,"comment_status":"closed","ping_status":"closed","template":"","meta":{"footnotes":""},"class_list":["post-740","page","type-page","status-publish","hentry"],"aioseo_notices":[],"_links":{"self":[{"href":"https:\/\/escritoras.usal.es\/en\/wp-json\/wp\/v2\/pages\/740","targetHints":{"allow":["GET"]}}],"collection":[{"href":"https:\/\/escritoras.usal.es\/en\/wp-json\/wp\/v2\/pages"}],"about":[{"href":"https:\/\/escritoras.usal.es\/en\/wp-json\/wp\/v2\/types\/page"}],"author":[{"embeddable":true,"href":"https:\/\/escritoras.usal.es\/en\/wp-json\/wp\/v2\/users\/8"}],"replies":[{"embeddable":true,"href":"https:\/\/escritoras.usal.es\/en\/wp-json\/wp\/v2\/comments?post=740"}],"version-history":[{"count":3,"href":"https:\/\/escritoras.usal.es\/en\/wp-json\/wp\/v2\/pages\/740\/revisions"}],"predecessor-version":[{"id":742,"href":"https:\/\/escritoras.usal.es\/en\/wp-json\/wp\/v2\/pages\/740\/revisions\/742"}],"wp:attachment":[{"href":"https:\/\/escritoras.usal.es\/en\/wp-json\/wp\/v2\/media?parent=740"}],"curies":[{"name":"wp","href":"https:\/\/api.w.org\/{rel}","templated":true}]}}